{"id":1117,"date":"2026-03-02T12:53:36","date_gmt":"2026-03-02T12:53:36","guid":{"rendered":"https:\/\/soymadredehijosnovivos.com\/?page_id=1117"},"modified":"2026-03-02T13:35:18","modified_gmt":"2026-03-02T13:35:18","slug":"quien-soy","status":"publish","type":"page","link":"https:\/\/soymadredehijosnovivos.com\/index.php\/quien-soy\/","title":{"rendered":"Quien soy"},"content":{"rendered":"\t\t<div data-elementor-type=\"wp-page\" data-elementor-id=\"1117\" class=\"elementor elementor-1117\">\n\t\t\t\t<div class=\"elementor-element elementor-element-1232a31 e-flex e-con-boxed e-con e-parent\" data-id=\"1232a31\" data-element_type=\"container\" data-e-type=\"container\">\n\t\t\t\t\t<div class=\"e-con-inner\">\n\t\t\t\t<div class=\"elementor-element elementor-element-b1d8c66 elementor-widget elementor-widget-text-editor\" data-id=\"b1d8c66\" data-element_type=\"widget\" data-e-type=\"widget\" data-widget_type=\"text-editor.default\">\n\t\t\t\t\t\t\t\t\t<p>Soy Mar\u00eda Teresa, y mi camino hacia la maternidad no se pareci\u00f3 al que imagin\u00e9. Soy madre de hijos no vivos, y desde ese lugar \u2014profundo, silencioso y a veces incomprendido\u2014 naci\u00f3 este proyecto.<br \/>Aqu\u00ed comparto mi experiencia, mis aprendizajes y la forma en que he ido encontrando sentido, luz y lenguaje para nombrar lo que tantas mujeres viven en silencio.<br \/>Creo en la fuerza de la palabra, en la sanaci\u00f3n que llega cuando nos permitimos sentir y en la importancia de honrar a quienes estuvieron con nosotras aunque no llegaran a nacer. Este espacio es mi manera de acompa\u00f1ar, de abrazar desde la distancia y de recordar que ninguna mujer deber\u00eda transitar este camino sola.<\/p>\t\t\t\t\t\t\t\t<\/div>\n\t\t\t\t\t<\/div>\n\t\t\t\t<\/div>\n\t\t<div class=\"elementor-element elementor-element-dbe6e3d e-flex e-con-boxed e-con e-parent\" data-id=\"dbe6e3d\" data-element_type=\"container\" data-e-type=\"container\">\n\t\t\t\t\t<div class=\"e-con-inner\">\n\t\t\t\t<div class=\"elementor-element elementor-element-6073cc3 elementor-widget elementor-widget-text-editor\" data-id=\"6073cc3\" data-element_type=\"widget\" data-e-type=\"widget\" data-widget_type=\"text-editor.default\">\n\t\t\t\t\t\t\t\t\t<p>Soy la autora de <em>Soy madre de hijos no vivos<\/em>, un proyecto que nace de mi propia historia y del deseo de ofrecer acompa\u00f1amiento a mujeres que han vivido p\u00e9rdidas gestacionales, neonatales o procesos de infertilidad.<\/p><p>Durante a\u00f1os busqu\u00e9 respuestas, palabras y espacios donde sentirme comprendida. No los encontr\u00e9, as\u00ed que decid\u00ed crearlos. Hoy trabajo para dar visibilidad a estas experiencias, aportar recursos emocionales y espirituales, y construir una comunidad donde cada mujer pueda sentirse vista, escuchada y respetada.<\/p><p>Mi prop\u00f3sito es claro: transformar el silencio en voz, el dolor en significado y la soledad en compa\u00f1\u00eda.<\/p><p><!--EndFragment --><\/p>\t\t\t\t\t\t\t\t<\/div>\n\t\t\t\t\t<\/div>\n\t\t\t\t<\/div>\n\t\t\t\t<section class=\"elementor-section elementor-top-section elementor-element elementor-element-571f7afe elementor-section-content-middle elementor-section-boxed elementor-section-height-default elementor-section-height-default\" data-id=\"571f7afe\" data-element_type=\"section\" data-e-type=\"section\">\n\t\t\t\t\t\t<div class=\"elementor-container elementor-column-gap-default\">\n\t\t\t\t\t<div class=\"elementor-column elementor-col-50 elementor-top-column elementor-element elementor-element-f306adb\" data-id=\"f306adb\" data-element_type=\"column\" data-e-type=\"column\">\n\t\t\t<div class=\"elementor-widget-wrap elementor-element-populated\">\n\t\t\t\t\t\t<div class=\"elementor-element elementor-element-1bd21a91 elementor-widget elementor-widget-xpro-heading\" data-id=\"1bd21a91\" data-element_type=\"widget\" data-e-type=\"widget\" data-widget_type=\"xpro-heading.default\">\n\t\t\t\t\t<div class=\"xpro-heading-wrapper xpro-simple-heading-wrapper\">\n\t<h6 class=\"xpro-heading-title\">Soy la autora de Soy madre de hijos no vivos, un proyecto que nace de mi propia historia y del deseo de ofrecer acompa\u00f1amiento a mujeres que han vivido p\u00e9rdidas gestacionales, neonatales o procesos de infertilidad. <\/h6><\/div>\n\t\t\t\t<\/div>\n\t\t\t\t<div class=\"elementor-element elementor-element-5443750b elementor-widget__width-initial elementor-widget elementor-widget-spacer\" data-id=\"5443750b\" data-element_type=\"widget\" data-e-type=\"widget\" data-widget_type=\"spacer.default\">\n\t\t\t\t\t\t\t<div class=\"elementor-spacer\">\n\t\t\t<div class=\"elementor-spacer-inner\"><\/div>\n\t\t<\/div>\n\t\t\t\t\t\t<\/div>\n\t\t\t\t<div class=\"elementor-element elementor-element-6425cee5 elementor-widget__width-initial elementor-widget elementor-widget-spacer\" data-id=\"6425cee5\" data-element_type=\"widget\" data-e-type=\"widget\" data-widget_type=\"spacer.default\">\n\t\t\t\t\t\t\t<div class=\"elementor-spacer\">\n\t\t\t<div class=\"elementor-spacer-inner\"><\/div>\n\t\t<\/div>\n\t\t\t\t\t\t<\/div>\n\t\t\t\t\t<\/div>\n\t\t<\/div>\n\t\t\t\t<div class=\"elementor-column elementor-col-50 elementor-top-column elementor-element elementor-element-4a8d67ae\" data-id=\"4a8d67ae\" data-element_type=\"column\" data-e-type=\"column\">\n\t\t\t<div class=\"elementor-widget-wrap elementor-element-populated\">\n\t\t\t\t\t\t<div class=\"elementor-element elementor-element-4c34bed9 elementor-widget elementor-widget-image\" data-id=\"4c34bed9\" data-element_type=\"widget\" data-e-type=\"widget\" data-widget_type=\"image.default\">\n\t\t\t\t\t\t\t\t\t\t\t\t\t\t\t<img fetchpriority=\"high\" decoding=\"async\" width=\"640\" height=\"892\" src=\"https:\/\/soymadredehijosnovivos.com\/wp-content\/uploads\/2026\/02\/Mas-presentacion-735x1024.jpg\" class=\"attachment-large size-large wp-image-1075\" alt=\"\" srcset=\"https:\/\/soymadredehijosnovivos.com\/wp-content\/uploads\/2026\/02\/Mas-presentacion-735x1024.jpg 735w, https:\/\/soymadredehijosnovivos.com\/wp-content\/uploads\/2026\/02\/Mas-presentacion-215x300.jpg 215w, https:\/\/soymadredehijosnovivos.com\/wp-content\/uploads\/2026\/02\/Mas-presentacion-768x1071.jpg 768w, https:\/\/soymadredehijosnovivos.com\/wp-content\/uploads\/2026\/02\/Mas-presentacion-1102x1536.jpg 1102w, https:\/\/soymadredehijosnovivos.com\/wp-content\/uploads\/2026\/02\/Mas-presentacion-1469x2048.jpg 1469w, https:\/\/soymadredehijosnovivos.com\/wp-content\/uploads\/2026\/02\/Mas-presentacion-600x836.jpg 600w, https:\/\/soymadredehijosnovivos.com\/wp-content\/uploads\/2026\/02\/Mas-presentacion-scaled.jpg 1836w\" sizes=\"(max-width: 640px) 100vw, 640px\" \/>\t\t\t\t\t\t\t\t\t\t\t\t\t\t\t<\/div>\n\t\t\t\t\t<\/div>\n\t\t<\/div>\n\t\t\t\t\t<\/div>\n\t\t<\/section>\n\t\t\t\t<\/div>\n\t\t","protected":false},"excerpt":{"rendered":"<p>Soy Mar\u00eda Teresa, y mi camino hacia la maternidad no se pareci\u00f3 al que imagin\u00e9. Soy madre de hijos no vivos, y desde ese lugar \u2014profundo, silencioso y a veces<\/p>\n","protected":false},"author":1,"featured_media":0,"parent":0,"menu_order":0,"comment_status":"closed","ping_status":"closed","template":"","meta":{"footnotes":""},"class_list":{"1":"page","2":"type-page","3":"status-publish","4":"hentry"},"_links":{"self":[{"href":"https:\/\/soymadredehijosnovivos.com\/index.php\/wp-json\/wp\/v2\/pages\/1117","targetHints":{"allow":["GET"]}}],"collection":[{"href":"https:\/\/soymadredehijosnovivos.com\/index.php\/wp-json\/wp\/v2\/pages"}],"about":[{"href":"https:\/\/soymadredehijosnovivos.com\/index.php\/wp-json\/wp\/v2\/types\/page"}],"author":[{"embeddable":true,"href":"https:\/\/soymadredehijosnovivos.com\/index.php\/wp-json\/wp\/v2\/users\/1"}],"replies":[{"embeddable":true,"href":"https:\/\/soymadredehijosnovivos.com\/index.php\/wp-json\/wp\/v2\/comments?post=1117"}],"version-history":[{"count":11,"href":"https:\/\/soymadredehijosnovivos.com\/index.php\/wp-json\/wp\/v2\/pages\/1117\/revisions"}],"predecessor-version":[{"id":1137,"href":"https:\/\/soymadredehijosnovivos.com\/index.php\/wp-json\/wp\/v2\/pages\/1117\/revisions\/1137"}],"wp:attachment":[{"href":"https:\/\/soymadredehijosnovivos.com\/index.php\/wp-json\/wp\/v2\/media?parent=1117"}],"curies":[{"name":"wp","href":"https:\/\/api.w.org\/{rel}","templated":true}]}}